{"id":31,"date":"2017-07-13T17:39:59","date_gmt":"2017-07-13T17:39:59","guid":{"rendered":"http:\/\/localhost:8000\/?page_id=31"},"modified":"2021-09-26T23:52:59","modified_gmt":"2021-09-26T23:52:59","slug":"learn-french-like-never-before","status":"publish","type":"page","link":"https:\/\/frenchinstitutens.com\/school\/","title":{"rendered":"Home"},"content":{"rendered":"<section class=\"wpb-content-wrapper\"><p>[vc_row][vc_column]<div class=\"french-home french-wide-container\">\n    <div class=\"french-home__row\">\n        <div class=\"french-home__col-left\">\n            <img src=\"https:\/\/frenchinstitutens.com\/school\/wp-content\/uploads\/2017\/07\/bgr-banner@2x-702x790-c-default.png\"\n                 class=\"french-home__bg\"\n                 srcset=\"https:\/\/frenchinstitutens.com\/school\/wp-content\/uploads\/2017\/07\/bgr-banner@2x-702x790-c-default@2x.png 2x\">\n            <h1>Your Child\u2019s Future Success Starts at the French School<\/h1>\n            <a href=\"\/school\/why-french-school\/\" class=\"btn btn-primary french-home__button\">WHY FRENCH SCHOOL <i class=\"fa fa-angle-right\"><\/i><\/a>\n            <img src=\"https:\/\/frenchinstitutens.com\/school\/wp-content\/uploads\/2017\/07\/home-home@2x-e1504374439776-400x0-c-default.png\"\n                 srcset=\"https:\/\/frenchinstitutens.com\/school\/wp-content\/uploads\/2017\/07\/home-home@2x-e1504374439776-400x0-c-default@2x.png 2x\" class=\"french-home__image\">\n        <\/div>\n        <div class=\"french-home__col-right\">\n            <img src=\"https:\/\/frenchinstitutens.com\/school\/wp-content\/uploads\/2017\/07\/french-1045-square_preview-858x790-c-default.jpeg\"\n                 class=\"french-home__bg\"\n                 srcset=\"https:\/\/frenchinstitutens.com\/school\/wp-content\/uploads\/2017\/07\/french-1045-square_preview-858x790-c-default@2x.jpeg 2x\">\n        <\/div>\n    <\/div>\n<\/div>[\/vc_column][\/vc_row][vc_row css=&#8221;.vc_custom_1504190519771{margin-bottom: 100px !important;}&#8221;][vc_column width=&#8221;7\/12&#8243;][vc_column_text css=&#8221;.vc_custom_1504190071174{margin-bottom: 100px !important;}&#8221;]<\/p>\n<h2>French Immersion Preschool and Kindergarten<\/h2>\n<p>The French School, located in the heart of Chicago\u2019s North Shore, is a total French immersion preschool and kindergarten. Founded in 2003, the French School offers a comprehensive early childhood education and the unique opportunity to acquire the gift of a second language naturally. Our program gives your child a solid academic foundation while providing a warm, nurturing environment where learning is fun and age appropriate.<\/p>\n<ul>\n<li>Starts at age 2<\/li>\n<li>Half and full day programs, 5 days a week<\/li>\n<li>Native French-speaking teachers<\/li>\n<li>Continuing education program for elementary and middle school students<\/li>\n<li>Summer camp<\/li>\n<\/ul>\n<p>[\/vc_column_text][vc_video link=&#8221;https:\/\/www.youtube.com\/watch?v=2xyPVQTpJ8U&#8221;][\/vc_column][vc_column width=&#8221;4\/12&#8243; offset=&#8221;vc_col-sm-offset-1&#8243;]<style>.vc_custom_1632700377168{margin-bottom: 100px !important;}<\/style>\n<div class=\"vc_custom_1632700377168\">\n    <h2 class=\"text-center\">French School Closes<\/h2>\n    <div class=\"french-announcements\">        <div class=\"french-announcements__item\">After providing French immersion preschool education years in the North Shore for 17 years, the French School has closed. My strong belief in the value of a bilingual education and its innumerable benefits propelled me to create the French School. From its inception, and thanks to its staff, the French School successfully provided a solid preschool education to young children while they naturally acquired the French language. I have deep gratitude to all the families who have entrusted their children to our care and hope they will benefit from their French School education for years to come. Moving forward, I continue to embrace my favorite quote from Le Petite Prince by Antoine de Saint-Exup\u00e9ry, \u201cJ\u2019ai des amis \u00e0 d\u00e9couvrir et beaucoup de choses \u00e0 conna\u00eetre.\u201d That is, \u201cI have friends to discover and so many things to learn.\u201d Je vous souhaite \u00e0 tous le meilleur! I wish you all the best! Maria Kurt<\/div>    <\/div>\n<\/div><style>.vc_custom_1500903398074{margin-bottom: 100px !important;}<\/style>\n<div class=\"french-quotefrench-quote_text-rightvc_custom_1500903398074\">\n    <div class=\"french-quote__content\">\n        <img src=\"https:\/\/frenchinstitutens.com\/school\/wp-content\/themes\/french\/assets\/dist\/images\/quote-left.png\"\n             srcset=\"https:\/\/frenchinstitutens.com\/school\/wp-content\/themes\/french\/assets\/dist\/images\/quote-left.png 1x,https:\/\/frenchinstitutens.com\/school\/wp-content\/themes\/french\/assets\/dist\/images\/quote-left@2x.png 2x\"\n             class=\"french-quote__left\">I have thoroughly enjoyed the challenge and stimulation of learning such a beautiful language.\n        <img src=\"https:\/\/frenchinstitutens.com\/school\/wp-content\/themes\/french\/assets\/dist\/images\/quote-right.png\"\n             srcset=\"https:\/\/frenchinstitutens.com\/school\/wp-content\/themes\/french\/assets\/dist\/images\/quote-right.png 1x,https:\/\/frenchinstitutens.com\/school\/wp-content\/themes\/french\/assets\/dist\/images\/quote-right@2x.png 2x\"\n             class=\"french-quote__right\">\n    <\/div>\n    <div class=\"french-quote__author\">- Mary Clair R, Northfield<\/div>\n<\/div><div class=\"french-link-with-image\">\n    <img src=\"https:\/\/frenchinstitutens.com\/school\/wp-content\/uploads\/2017\/07\/link-fins@2x-430x265-c-default.png\"\n         class=\"french-link-with-image__image\"\n         srcset=\"https:\/\/frenchinstitutens.com\/school\/wp-content\/uploads\/2017\/07\/link-fins@2x-430x265-c-default@2x.png 2x\">\n    <div class=\"french-link-with-image__content\">French Classes for Adults<br>\n        <a href=\"https:\/\/frenchinstitutens.com\" data-turbolinks=\"false\" class=\"btn btn-success mt-2 px-4\">Visit site <i class=\"fa fa-angle-right\"><\/i><\/a>\n    <\/div>\n<\/div>[\/vc_column][\/vc_row][vc_row css=&#8221;.vc_custom_1500781886446{margin-top: 50px !important;}&#8221;][vc_column]<div class=\"row french-events-and-blog no-gutters\">\n    <div class=\"french-events-and-blog__left\">\n        <h2 class=\"mb-5\">Upcoming Events<\/h2>        <p class=\"french-events-and-blog__no-events\">There are currently no upcoming events<\/p>        <a href=\"\/school\/event\/\" class=\"btn btn-link pl-0 mt-5\">View all <i class=\"fa fa-angle-double-right\"><\/i><\/a>\n    <\/div>\n    <div class=\"french-events-and-blog__right\">\n        <h2 class=\"mb-5\"><a href=\"https:\/\/frenchinstitutens.com\/blog\/\" data-turbolinks=\"false\">Our Blog<\/a><\/h2>        <p><a href=\"\/make-betters-best-2018-continuing-education-winner\/\" data-turbolinks=\"false\">Make it Better\u2019s Best of 2018 Continuing Education...<\/a><\/p><hr>        <p><a href=\"\/petit-margeaux-patio-lovers-reccomendation\/\" data-turbolinks=\"false\">Petit Margeaux \u2013 a patio lover\u2019s recommendation<\/a><\/p><hr>        <a href=\"https:\/\/frenchinstitutens.com\/blog\/\" class=\"btn btn-link pl-0 mt-5\">Read Post <i class=\"fa fa-angle-double-right\"><\/i><\/a>\n    <\/div>\n<\/div>\n[\/vc_column][\/vc_row]<\/p>\n<\/section>","protected":false},"excerpt":{"rendered":"<p>[vc_row][vc_column][\/vc_column][\/vc_row][vc_row css=&#8221;.vc_custom_1504190519771{margin-bottom: 100px !important;}&#8221;][vc_column width=&#8221;7\/12&#8243;][vc_column_text css=&#8221;.vc_custom_1504190071174{margin-bottom: 100px !important;}&#8221;] French Immersion Preschool and Kindergarten The French School, located in the heart of Chicago\u2019s North Shore, is a total French immersion preschool and kindergarten. Founded in 2003, the French School offers a comprehensive early childhood education and the unique opportunity to acquire the gift of a second [&hellip;]<\/p>\n","protected":false},"author":1,"featured_media":0,"parent":0,"menu_order":0,"comment_status":"closed","ping_status":"closed","template":"","meta":{"footnotes":""},"acf":[],"_links":{"self":[{"href":"https:\/\/frenchinstitutens.com\/school\/wp-json\/wp\/v2\/pages\/31"}],"collection":[{"href":"https:\/\/frenchinstitutens.com\/school\/wp-json\/wp\/v2\/pages"}],"about":[{"href":"https:\/\/frenchinstitutens.com\/school\/wp-json\/wp\/v2\/types\/page"}],"author":[{"embeddable":true,"href":"https:\/\/frenchinstitutens.com\/school\/wp-json\/wp\/v2\/users\/1"}],"replies":[{"embeddable":true,"href":"https:\/\/frenchinstitutens.com\/school\/wp-json\/wp\/v2\/comments?post=31"}],"version-history":[{"count":106,"href":"https:\/\/frenchinstitutens.com\/school\/wp-json\/wp\/v2\/pages\/31\/revisions"}],"predecessor-version":[{"id":3121,"href":"https:\/\/frenchinstitutens.com\/school\/wp-json\/wp\/v2\/pages\/31\/revisions\/3121"}],"wp:attachment":[{"href":"https:\/\/frenchinstitutens.com\/school\/wp-json\/wp\/v2\/media?parent=31"}],"curies":[{"name":"wp","href":"https:\/\/api.w.org\/{rel}","templated":true}]}}